{"id":1449,"date":"2025-02-27T09:31:52","date_gmt":"2025-02-27T09:31:52","guid":{"rendered":"https:\/\/detmarovice.knihovna.info\/?page_id=1449"},"modified":"2025-09-18T10:08:08","modified_gmt":"2025-09-18T10:08:08","slug":"ctenari-knihovny-pomahaji","status":"publish","type":"page","link":"https:\/\/detmarovice.knihovna.info\/?page_id=1449","title":{"rendered":"\u010cten\u00e1\u0159i knihovny pom\u00e1haj\u00ed"},"content":{"rendered":"<p><a href=\"https:\/\/bohumin.charita.cz\/trikralova-sbirka\/\">https:\/\/bohumin.charita.cz\/trikralova-sbirka\/<\/a><\/p>\n<p><span style=\"color: #000000;\"><a style=\"color: #000000;\" href=\"https:\/\/bohumin.charita.cz\/trikralova-sbirka\/\"><img loading=\"lazy\" decoding=\"async\" class=\"wp-image-1453 alignleft\" src=\"https:\/\/detmarovice.knihovna.info\/wp-content\/uploads\/2025\/02\/000958_50_020352-1024x425.jpg\" alt=\"\" width=\"169\" height=\"70\" srcset=\"https:\/\/detmarovice.knihovna.info\/wp-content\/uploads\/2025\/02\/000958_50_020352-1024x425.jpg 1024w, https:\/\/detmarovice.knihovna.info\/wp-content\/uploads\/2025\/02\/000958_50_020352-300x125.jpg 300w, https:\/\/detmarovice.knihovna.info\/wp-content\/uploads\/2025\/02\/000958_50_020352-768x319.jpg 768w, https:\/\/detmarovice.knihovna.info\/wp-content\/uploads\/2025\/02\/000958_50_020352.jpg 1180w\" sizes=\"auto, (max-width: 169px) 100vw, 169px\" \/><\/a><\/span><\/p>\n<p>&nbsp;<\/p>\n<p>&nbsp;<\/p>\n<p><a href=\"https:\/\/www.cdpr.cz\/cesky-den-proti-rakovine\/\">https:\/\/www.cdpr.cz\/letosni-sbirka<\/a><\/p>\n<p><a href=\"https:\/\/www.cdpr.cz\/cesky-den-proti-rakovine\/\">\/<\/a><a style=\"color: #000000;\" href=\"https:\/\/bohumin.charita.cz\/trikralova-sbirka\/\"><img loading=\"lazy\" decoding=\"async\" class=\"wp-image-1451 alignnone\" src=\"https:\/\/detmarovice.knihovna.info\/wp-content\/uploads\/2025\/02\/logoset_logo-cdpr1-1024x1021.png\" alt=\"\" width=\"59\" height=\"59\" srcset=\"https:\/\/detmarovice.knihovna.info\/wp-content\/uploads\/2025\/02\/logoset_logo-cdpr1-1024x1021.png 1024w, https:\/\/detmarovice.knihovna.info\/wp-content\/uploads\/2025\/02\/logoset_logo-cdpr1-300x300.png 300w, https:\/\/detmarovice.knihovna.info\/wp-content\/uploads\/2025\/02\/logoset_logo-cdpr1-150x150.png 150w, https:\/\/detmarovice.knihovna.info\/wp-content\/uploads\/2025\/02\/logoset_logo-cdpr1-768x766.png 768w, https:\/\/detmarovice.knihovna.info\/wp-content\/uploads\/2025\/02\/logoset_logo-cdpr1-1536x1531.png 1536w, https:\/\/detmarovice.knihovna.info\/wp-content\/uploads\/2025\/02\/logoset_logo-cdpr1-100x100.png 100w, https:\/\/detmarovice.knihovna.info\/wp-content\/uploads\/2025\/02\/logoset_logo-cdpr1.png 1598w\" sizes=\"auto, (max-width: 59px) 100vw, 59px\" \/><\/a><\/p>\n<p><a href=\"https:\/\/www.ctenipomaha.cz\/cs\/Charity\/povodne-2024\">https:\/\/www.ctenipomaha.cz\/cs\/Charity\/povodne-2024<\/a><\/p>\n<p><img loading=\"lazy\" decoding=\"async\" class=\"wp-image-1456 alignnone\" src=\"https:\/\/detmarovice.knihovna.info\/wp-content\/uploads\/2025\/02\/Cteni-pom.jpg\" alt=\"\" width=\"179\" height=\"83\" srcset=\"https:\/\/detmarovice.knihovna.info\/wp-content\/uploads\/2025\/02\/Cteni-pom.jpg 498w, https:\/\/detmarovice.knihovna.info\/wp-content\/uploads\/2025\/02\/Cteni-pom-300x139.jpg 300w\" sizes=\"auto, (max-width: 179px) 100vw, 179px\" \/><\/p>\n<p><a href=\"https:\/\/www.lekari-bez-hranic.cz\/\">https:\/\/www.lekari-bez-hranic.cz\/<\/a><\/p>\n<p><img decoding=\"async\" src=\"https:\/\/www.lekari-bez-hranic.cz\/themes\/custom\/awesome\/src\/images\/logo.svg\"><\/p>\n<p><a href=\"https:\/\/uzdraveniprohonzika.cz\/\">https:\/\/uzdrave<\/a><a href=\"https:\/\/uzdraveniprohonzika.cz\/\">niprohonzika.cz\/<\/a><\/p>\n<p><img loading=\"lazy\" decoding=\"async\" class=\" wp-image-1563 alignleft\" src=\"https:\/\/detmarovice.knihovna.info\/wp-content\/uploads\/2025\/07\/zivot-detem-srdce-701eae0a29ba5591766b630720ba1bd0b7f1daf961eded2c40dae9eb919d7c63f1697f98200358cbb5caee49386ea05c6a5e0c29084e3930741cdaee0fb470ce.png\" alt=\"\" width=\"86\" height=\"86\" srcset=\"https:\/\/detmarovice.knihovna.info\/wp-content\/uploads\/2025\/07\/zivot-detem-srdce-701eae0a29ba5591766b630720ba1bd0b7f1daf961eded2c40dae9eb919d7c63f1697f98200358cbb5caee49386ea05c6a5e0c29084e3930741cdaee0fb470ce.png 122w, https:\/\/detmarovice.knihovna.info\/wp-content\/uploads\/2025\/07\/zivot-detem-srdce-701eae0a29ba5591766b630720ba1bd0b7f1daf961eded2c40dae9eb919d7c63f1697f98200358cbb5caee49386ea05c6a5e0c29084e3930741cdaee0fb470ce-100x100.png 100w\" sizes=\"auto, (max-width: 86px) 100vw, 86px\" \/><\/p>\n","protected":false},"excerpt":{"rendered":"<p>https:\/\/bohumin.charita.cz\/trikralova-sbirka\/ &nbsp; &nbsp; https:\/\/www.cdpr.cz\/letosni-sbirka \/ https:\/\/www.ctenipomaha.cz\/cs\/Charity\/povodne-2024 https:\/\/www.lekari-bez-hranic.cz\/ https:\/\/uzdraveniprohonzika.cz\/<\/p>\n","protected":false},"author":1,"featured_media":0,"parent":20,"menu_order":0,"comment_status":"closed","ping_status":"closed","template":"","meta":{"ngg_post_thumbnail":0,"footnotes":""},"class_list":["post-1449","page","type-page","status-publish","hentry"],"_links":{"self":[{"href":"https:\/\/detmarovice.knihovna.info\/index.php?rest_route=\/wp\/v2\/pages\/1449","targetHints":{"allow":["GET"]}}],"collection":[{"href":"https:\/\/detmarovice.knihovna.info\/index.php?rest_route=\/wp\/v2\/pages"}],"about":[{"href":"https:\/\/detmarovice.knihovna.info\/index.php?rest_route=\/wp\/v2\/types\/page"}],"author":[{"embeddable":true,"href":"https:\/\/detmarovice.knihovna.info\/index.php?rest_route=\/wp\/v2\/users\/1"}],"replies":[{"embeddable":true,"href":"https:\/\/detmarovice.knihovna.info\/index.php?rest_route=%2Fwp%2Fv2%2Fcomments&post=1449"}],"version-history":[{"count":10,"href":"https:\/\/detmarovice.knihovna.info\/index.php?rest_route=\/wp\/v2\/pages\/1449\/revisions"}],"predecessor-version":[{"id":1601,"href":"https:\/\/detmarovice.knihovna.info\/index.php?rest_route=\/wp\/v2\/pages\/1449\/revisions\/1601"}],"up":[{"embeddable":true,"href":"https:\/\/detmarovice.knihovna.info\/index.php?rest_route=\/wp\/v2\/pages\/20"}],"wp:attachment":[{"href":"https:\/\/detmarovice.knihovna.info\/index.php?rest_route=%2Fwp%2Fv2%2Fmedia&parent=1449"}],"curies":[{"name":"wp","href":"https:\/\/api.w.org\/{rel}","templated":true}]}}